{"id":494,"date":"2023-02-16T09:33:41","date_gmt":"2023-02-16T09:33:41","guid":{"rendered":"http:\/\/tarczynskipraca.pl\/kontakt\/"},"modified":"2023-04-20T08:00:08","modified_gmt":"2023-04-20T08:00:08","slug":"contact","status":"publish","type":"page","link":"https:\/\/tarczynskipraca.pl\/en\/contact\/","title":{"rendered":"Contact Us"},"content":{"rendered":"<div class=\"wpb-content-wrapper\">[vc_row css=&#8221;.vc_custom_1676533868202{padding-top: 45px !important;}&#8221;][vc_column]\n\t\t\t<!-- START Kontakt REVOLUTION SLIDER 6.7.25 --><p class=\"rs-p-wp-fix\"><\/p>\n\t\t\t<rs-module-wrap id=\"rev_slider_4_1_wrapper\" data-source=\"gallery\" style=\"visibility:hidden;background:transparent;padding:0;margin:0px auto;margin-top:0;margin-bottom:0;\">\n\t\t\t\t<rs-module id=\"rev_slider_4_1\" style=\"\" data-version=\"6.7.25\">\n\t\t\t\t\t<rs-slides style=\"overflow: hidden; position: absolute;\">\n\t\t\t\t\t\t<rs-slide style=\"position: absolute;\" data-key=\"rs-7\" data-title=\"Slide\" data-in=\"o:0;\" data-out=\"a:false;\">\n\t\t\t\t\t\t\t<img decoding=\"async\" src=\"\/\/tarczynskipraca.pl\/wp-content\/plugins\/revslider\/sr6\/assets\/assets\/dummy.png\" alt=\"Slide\" width=\"2425\" height=\"669\" class=\"rev-slidebg tp-rs-img rs-lazyload\" data-lazyload=\"\/\/tarczynskipraca.pl\/wp-content\/plugins\/revslider\/sr6\/assets\/assets\/transparent.png\" data-bg=\"p:center top;\" data-parallax=\"off\" data-no-retina>\n<!--\n\t\t\t\t\t\t\t--><rs-layer\n\t\t\t\t\t\t\t\tid=\"slider-4-slide-7-layer-0\" \n\t\t\t\t\t\t\t\tdata-type=\"image\"\n\t\t\t\t\t\t\t\tdata-rsp_ch=\"on\"\n\t\t\t\t\t\t\t\tdata-xy=\"x:r;xo:0,0,0,-5px;yo:-29px,-20px,-15px,55px;\"\n\t\t\t\t\t\t\t\tdata-text=\"w:normal;s:20,14,10,6;l:0,17,12,7;\"\n\t\t\t\t\t\t\t\tdata-dim=\"w:460px,295px,352px,319px;h:621px,398px,475px,431px;\"\n\t\t\t\t\t\t\t\tdata-basealign=\"slide\"\n\t\t\t\t\t\t\t\tdata-frame_1=\"st:100;sp:600;sR:100;\"\n\t\t\t\t\t\t\t\tdata-frame_999=\"o:0;st:w;sR:8300;\"\n\t\t\t\t\t\t\t\tstyle=\"z-index:7;\"\n\t\t\t\t\t\t\t><img decoding=\"async\" src=\"\/\/tarczynskipraca.pl\/wp-content\/plugins\/revslider\/sr6\/assets\/assets\/dummy.png\" alt=\"\" class=\"tp-rs-img rs-lazyload\" width=\"891\" height=\"1203\" data-lazyload=\"\/\/tarczynskipraca.pl\/wp-content\/uploads\/2023\/03\/Kontakt.png\" data-no-retina> \n\t\t\t\t\t\t\t<\/rs-layer><!--\n\n\t\t\t\t\t\t\t--><rs-layer\n\t\t\t\t\t\t\t\tid=\"slider-4-slide-7-layer-1\" \n\t\t\t\t\t\t\t\tclass=\"rs-pxl-3\"\n\t\t\t\t\t\t\t\tdata-type=\"image\"\n\t\t\t\t\t\t\t\tdata-rsp_ch=\"on\"\n\t\t\t\t\t\t\t\tdata-xy=\"x:c;xo:0,0,0,-42px;y:b,b,t,t;yo:130px,92px,-110px,-102px;\"\n\t\t\t\t\t\t\t\tdata-text=\"w:normal;s:20,14,10,6;l:0,17,12,7;\"\n\t\t\t\t\t\t\t\tdata-dim=\"w:2426px,1725px,1781px,1792px;h:670px,476px,492px,495px;\"\n\t\t\t\t\t\t\t\tdata-frame_1=\"sp:430;\"\n\t\t\t\t\t\t\t\tdata-frame_999=\"o:0;st:w;sR:8570;\"\n\t\t\t\t\t\t\t\tstyle=\"z-index:6;\"\n\t\t\t\t\t\t\t><img decoding=\"async\" src=\"\/\/tarczynskipraca.pl\/wp-content\/plugins\/revslider\/sr6\/assets\/assets\/dummy.png\" alt=\"\" class=\"tp-rs-img rs-lazyload\" width=\"2425\" height=\"669\" data-lazyload=\"\/\/tarczynskipraca.pl\/wp-content\/uploads\/2023\/02\/bg_1.svg\" data-no-retina> \n\t\t\t\t\t\t\t<\/rs-layer><!--\n\n\t\t\t\t\t\t\t--><p\n\t\t\t\t\t\t\t\tid=\"slider-4-slide-7-layer-2\" \n\t\t\t\t\t\t\t\tclass=\"rs-layer rs-pxl-2\"\n\t\t\t\t\t\t\t\tdata-type=\"text\"\n\t\t\t\t\t\t\t\tdata-color=\"#fff\"\n\t\t\t\t\t\t\t\tdata-rsp_ch=\"on\"\n\t\t\t\t\t\t\t\tdata-xy=\"xo:120px,85px,64px,36px;yo:160px,94px,117px,139px;\"\n\t\t\t\t\t\t\t\tdata-text=\"w:normal;s:50,50,60,50;l:90,64,48,29;fw:600;\"\n\t\t\t\t\t\t\t\tdata-dim=\"minh:0px,none,none,none;\"\n\t\t\t\t\t\t\t\tdata-frame_1=\"st:160;sp:600;sR:160;\"\n\t\t\t\t\t\t\t\tdata-frame_999=\"o:0;st:w;sR:8240;\"\n\t\t\t\t\t\t\t\tstyle=\"z-index:11;font-family:'Montserrat';\"\n\t\t\t\t\t\t\t>Contact \n\t\t\t\t\t\t\t<\/p><!--\n\n\t\t\t\t\t\t\t--><p\n\t\t\t\t\t\t\t\tid=\"slider-4-slide-7-layer-3\" \n\t\t\t\t\t\t\t\tclass=\"rs-layer rs-pxl-2\"\n\t\t\t\t\t\t\t\tdata-type=\"text\"\n\t\t\t\t\t\t\t\tdata-color=\"#fff\"\n\t\t\t\t\t\t\t\tdata-rsp_ch=\"on\"\n\t\t\t\t\t\t\t\tdata-xy=\"xo:120px,85px,64px,37px;yo:206px,146px,170px,181px;\"\n\t\t\t\t\t\t\t\tdata-text=\"w:normal;s:50,50,60,43;l:90,64,48,36;fw:300;\"\n\t\t\t\t\t\t\t\tdata-dim=\"w:auto,auto,342px,211px;minh:0px,none,none,none;\"\n\t\t\t\t\t\t\t\tdata-frame_1=\"st:490;sp:600;sR:490;\"\n\t\t\t\t\t\t\t\tdata-frame_999=\"o:0;st:w;sR:7910;\"\n\t\t\t\t\t\t\t\tstyle=\"z-index:10;font-family:'Montserrat';\"\n\t\t\t\t\t\t\t>us \n\t\t\t\t\t\t\t<\/p><!--\n-->\t\t\t\t\t<\/rs-slide>\n\t\t\t\t\t<\/rs-slides>\n\t\t\t\t<\/rs-module>\n\t\t\t\t<script>\n\t\t\t\t\tsetREVStartSize({c: 'rev_slider_4_1',rl:[1240,1024,778,480],el:[650,420,500,500],gw:[1440,1024,778,480],gh:[650,420,500,500],type:'hero',justify:'',layout:'fullwidth',mh:\"0\"});if (window.RS_MODULES!==undefined && window.RS_MODULES.modules!==undefined && window.RS_MODULES.modules[\"revslider41\"]!==undefined) {window.RS_MODULES.modules[\"revslider41\"].once = false;window.revapi4 = undefined;if (window.RS_MODULES.checkMinimal!==undefined) window.RS_MODULES.checkMinimal()}\n\t\t\t\t<\/script>\n\t\t\t<\/rs-module-wrap>\n\t\t\t<!-- END REVOLUTION SLIDER -->\n[\/vc_column][\/vc_row][vc_row css=&#8221;.vc_custom_1676610828671{padding-top: 45px !important;}&#8221;][vc_column][vc_row_inner][vc_column_inner width=&#8221;2\/3&#8243;][vc_custom_heading text=&#8221;Our<br \/>\nworkplaces&#8221; use_theme_fonts=&#8221;yes&#8221; el_class=&#8221;header_t1&#8243; css=&#8221;.vc_custom_1677208788828{margin-bottom: 75px !important;}&#8221;][\/vc_column_inner][vc_column_inner width=&#8221;1\/3&#8243;][\/vc_column_inner][\/vc_row_inner][\/vc_column][\/vc_row][vc_row css_animation=&#8221;fadeIn&#8221; css=&#8221;.vc_custom_1676611401542{padding-bottom: 45px !important;}&#8221;][vc_column][vc_row_inner gap=&#8221;30&#8243;][vc_column_inner width=&#8221;1\/3&#8243;][vc_column_text css_animation=&#8221;fadeInLeft&#8221; el_class=&#8221;adres-box&#8221;]<strong>Headquarters<\/strong><br \/>\nUje\u017adziec Ma\u0142y 80<br \/>\n55 &#8211; 100 Trzebnica<br \/>\nDolno\u015bl\u0105skie Province[\/vc_column_text][vc_column_text css_animation=&#8221;fadeInLeft&#8221; el_class=&#8221;adres-box&#8221;]<strong>Tarczy\u0144ski Arena<\/strong><br \/>\nAl. \u015al\u0105ska 1<br \/>\n54-118 Wroc\u0142aw<br \/>\nDolno\u015bl\u0105skie Province[\/vc_column_text][vc_column_text css_animation=&#8221;fadeInLeft&#8221; el_class=&#8221;adres-box&#8221;]<strong>Production plant<\/strong><br \/>\nMalowany Dworek 117<br \/>\n43-300 Bielsko-Bia\u0142a<br \/>\n\u015al\u0105skie Province[\/vc_column_text][\/vc_column_inner][vc_column_inner width=&#8221;2\/3&#8243;][vc_single_image image=&#8221;930&#8243; img_size=&#8221;full&#8221; alignment=&#8221;center&#8221; css_animation=&#8221;fadeInRight&#8221; el_class=&#8221;mapa&#8221;][\/vc_column_inner][\/vc_row_inner][\/vc_column][\/vc_row][vc_row css_animation=&#8221;fadeInUp&#8221; css=&#8221;.vc_custom_1676614444253{padding-bottom: 145px !important;}&#8221;][vc_column][vc_row_inner gap=&#8221;30&#8243;][vc_column_inner width=&#8221;1\/4&#8243;][\/vc_column_inner][vc_column_inner width=&#8221;1\/2&#8243;][vc_custom_heading text=&#8221;Write or call us&#8221; font_container=&#8221;tag:p|text_align:center&#8221; use_theme_fonts=&#8221;yes&#8221; el_class=&#8221;header_t5&#8243;][vc_column_text]\n<p style=\"text-align: center;\">You will receive information about current recruitments, internships or job offers by contacting our HR Department.<\/p>\n[\/vc_column_text][vc_custom_heading text=&#8221;+48 726 665 555&#8243; font_container=&#8221;tag:p|text_align:center&#8221; use_theme_fonts=&#8221;yes&#8221; el_class=&#8221;phone-box&#8221;][vc_custom_heading text=&#8221;hr@tarczynski.pl&#8221; font_container=&#8221;tag:p|text_align:center&#8221; use_theme_fonts=&#8221;yes&#8221; el_class=&#8221;phone-box&#8221; link=&#8221;url:mailto%3Ahr%40tarczynski.pl&#8221;][vc_empty_space height=&#8221;45px&#8221;][vc_column_text]<div id=\"quform-7c0091\" class=\"quform quform-2 quform-support-page-caching quform-errors-absolute\"><form id=\"quform-form-7c0091\" class=\"quform-form quform-form-2\" action=\"\/en\/wp-json\/wp\/v2\/pages\/494#quform-7c0091\" method=\"post\" enctype=\"multipart\/form-data\" novalidate=\"novalidate\" data-options=\"{&quot;id&quot;:2,&quot;uniqueId&quot;:&quot;7c0091&quot;,&quot;theme&quot;:&quot;&quot;,&quot;ajax&quot;:true,&quot;logic&quot;:{&quot;logic&quot;:[],&quot;dependents&quot;:[],&quot;elementIds&quot;:[],&quot;dependentElementIds&quot;:[],&quot;animate&quot;:true},&quot;currentPageId&quot;:1,&quot;errorsIcon&quot;:&quot;&quot;,&quot;updateFancybox&quot;:true,&quot;hasPages&quot;:false,&quot;pages&quot;:[1],&quot;pageProgressType&quot;:&quot;numbers&quot;,&quot;tooltipsEnabled&quot;:true,&quot;tooltipClasses&quot;:&quot;qtip-quform-dark qtip-shadow&quot;,&quot;tooltipMy&quot;:&quot;left center&quot;,&quot;tooltipAt&quot;:&quot;right center&quot;,&quot;isRtl&quot;:false,&quot;scrollOffset&quot;:-50,&quot;scrollSpeed&quot;:800}\"><button class=\"quform-default-submit\" name=\"quform_submit\" type=\"submit\" value=\"submit\" aria-hidden=\"true\" tabindex=\"-1\"><\/button><div class=\"quform-form-inner quform-form-inner-2\"><input type=\"hidden\" name=\"quform_form_id\" value=\"2\" \/><input type=\"hidden\" name=\"quform_form_uid\" value=\"7c0091\" \/><input type=\"hidden\" name=\"quform_count\" value=\"1\" \/><input type=\"hidden\" name=\"form_url\" value=\"https:\/\/tarczynskipraca.pl\/en\/wp-json\/wp\/v2\/pages\/494\" \/><input type=\"hidden\" name=\"referring_url\" value=\"\" \/><input type=\"hidden\" name=\"post_id\" value=\"\" \/><input type=\"hidden\" name=\"post_title\" value=\"\" \/><input type=\"hidden\" name=\"quform_current_page_id\" value=\"1\" \/><input type=\"hidden\" name=\"quform_csrf_token\" value=\"3i7gREFU6gSAs28I68ZOcDFA8AdsiE9k3WYk4A3e\" \/><div class=\"quform-elements quform-elements-2 quform-cf quform-responsive-elements-phone-landscape\"><div class=\"quform-element quform-element-page quform-page-1 quform-page-2_1 quform-cf quform-group-style-plain quform-first-page quform-last-page quform-current-page\"><div class=\"quform-child-elements\"><div class=\"quform-element quform-element-text quform-element-2_3 quform-cf quform-element-required\"><div class=\"quform-spacer\"><div class=\"quform-label quform-label-2_3\"><label class=\"quform-label-text\" for=\"quform_2_3_7c0091\">Name and surname<span class=\"quform-required\">*<\/span><\/label><\/div><div class=\"quform-inner quform-inner-text quform-inner-2_3\"><div class=\"quform-input quform-input-text quform-input-2_3 quform-cf\"><input type=\"text\" id=\"quform_2_3_7c0091\" name=\"quform_2_3\" class=\"quform-field quform-field-text quform-field-2_3\" placeholder=\"Name and surname\" \/><\/div><\/div><\/div><\/div><div class=\"quform-element quform-element-text quform-element-2_4 quform-cf quform-element-required\"><div class=\"quform-spacer\"><div class=\"quform-label quform-label-2_4\"><label class=\"quform-label-text\" for=\"quform_2_4_7c0091\">Contact phone<span class=\"quform-required\">*<\/span><\/label><\/div><div class=\"quform-inner quform-inner-text quform-inner-2_4\"><div class=\"quform-input quform-input-text quform-input-2_4 quform-cf\"><input type=\"text\" id=\"quform_2_4_7c0091\" name=\"quform_2_4\" class=\"quform-field quform-field-text quform-field-2_4\" placeholder=\"Contact phone\" \/><\/div><\/div><\/div><\/div><div class=\"quform-element quform-element-email quform-element-2_5 quform-cf quform-element-required\"><div class=\"quform-spacer\"><div class=\"quform-label quform-label-2_5\"><label class=\"quform-label-text\" for=\"quform_2_5_7c0091\">Email address<span class=\"quform-required\">*<\/span><\/label><\/div><div class=\"quform-inner quform-inner-email quform-inner-2_5\"><div class=\"quform-input quform-input-email quform-input-2_5 quform-cf\"><input type=\"email\" id=\"quform_2_5_7c0091\" name=\"quform_2_5\" class=\"quform-field quform-field-email quform-field-2_5\" placeholder=\"Email address\" \/><\/div><\/div><\/div><\/div><div class=\"quform-element quform-element-textarea quform-element-2_7 quform-cf quform-element-required\"><div class=\"quform-spacer\"><div class=\"quform-label quform-label-2_7\"><label class=\"quform-label-text\" for=\"quform_2_7_7c0091\">Wiadomo\u015b\u0107<span class=\"quform-required\">*<\/span><\/label><\/div><div class=\"quform-inner quform-inner-textarea quform-inner-2_7\"><div class=\"quform-input quform-input-textarea quform-input-2_7 quform-cf\"><textarea id=\"quform_2_7_7c0091\" name=\"quform_2_7\" class=\"quform-field quform-field-textarea quform-field-2_7\" placeholder=\"Wiadomo\u015b\u0107\"><\/textarea><\/div><\/div><\/div><\/div><div class=\"quform-element quform-element-checkbox quform-element-2_8 quform-cf quform-element-required\"><div class=\"quform-spacer\"><div class=\"quform-label quform-label-2_8\"><label class=\"quform-label-text\" id=\"quform_2_8_7c0091_label\">Zgody na przetwarzanie danych<span class=\"quform-required\">*<\/span><\/label><\/div><div class=\"quform-inner quform-inner-checkbox quform-inner-2_8\"><div class=\"quform-input quform-input-checkbox quform-input-2_8 quform-cf\"><div class=\"quform-options quform-cf quform-options-block quform-options-simple\" role=\"group\" aria-labelledby=\"quform_2_8_7c0091_label\"><div class=\"quform-option\"><input type=\"checkbox\" name=\"quform_2_8[]\" id=\"quform_2_8_7c0091_3\" class=\"quform-field quform-field-checkbox quform-field-2_8 quform-field-2_8_3\" value=\"I consent to the processing of my personal data contained in the contact form in accordance with the General Regulation on the Protection of Personal Data of April 27, 2016, in order to process the submitted application. At the same time, I declare that I acknowledge that the administrator of the collected personal data...\" \/><label for=\"quform_2_8_7c0091_3\" class=\"quform-option-label quform-option-label-2_8_3\"><span class=\"quform-option-text\">I consent to the processing of my personal data contained in the contact form in accordance with the General Regulation on the Protection of Personal Data of April 27, 2016, in order to process the submitted application. At the same time, I declare that I acknowledge that the administrator of the collected personal data...<\/span><\/label><\/div><\/div><\/div><\/div><\/div><\/div><div class=\"quform-element quform-element-submit quform-element-2_2 quform-cf quform-button-style-theme\"><div class=\"quform-button-submit quform-button-submit-default quform-button-submit-2_2\"><button name=\"quform_submit\" type=\"submit\" class=\"quform-submit\" value=\"submit\"><span class=\"quform-button-text quform-button-submit-text\">Send a message<\/span><\/button><\/div><\/div><div class=\"quform-element-tree\"><label for=\"quform_2_0_7c0091\">This field should be left blank<\/label><input type=\"text\" id=\"quform_2_0_7c0091\" name=\"quform_2_0\" class=\"quform-field quform-field-tree quform-field-2_0\" tabindex=\"-1\" autocomplete=\"off\" \/><\/div><\/div><\/div><\/div><div class=\"quform-loading quform-loading-position-over-form quform-loading-type-spinner-6\"><div class=\"quform-loading-overlay\"><\/div><div class=\"quform-loading-inner\"><div class=\"quform-loading-spinner\"><div class=\"quform-loading-spinner-inner\"><\/div><\/div><\/div><\/div><\/div><\/form><\/div>[\/vc_column_text][\/vc_column_inner][vc_column_inner width=&#8221;1\/4&#8243;][\/vc_column_inner][\/vc_row_inner][\/vc_column][\/vc_row]\n<\/div>","protected":false},"excerpt":{"rendered":"<p>[vc_row css=&#8221;.vc_custom_1676533868202{padding-top: 45px !important;}&#8221;][vc_column][\/vc_column][\/vc_row][vc_row css=&#8221;.vc_custom_1676610828671{padding-top: 45px !important;}&#8221;][vc_column][vc_row_inner][vc_column_inner width=&#8221;2\/3&#8243;][vc_custom_heading text=&#8221;Our workplaces&#8221; use_theme_fonts=&#8221;yes&#8221; el_class=&#8221;header_t1&#8243; css=&#8221;.vc_custom_1677208788828{margin-bottom: 75px !important;}&#8221;][\/vc_column_inner][vc_column_inner width=&#8221;1\/3&#8243;][\/vc_column_inner][\/vc_row_inner][\/vc_column][\/vc_row][vc_row css_animation=&#8221;fadeIn&#8221; css=&#8221;.vc_custom_1676611401542{padding-bottom: 45px !important;}&#8221;][vc_column][vc_row_inner gap=&#8221;30&#8243;][vc_column_inner width=&#8221;1\/3&#8243;][vc_column_text css_animation=&#8221;fadeInLeft&#8221; el_class=&#8221;adres-box&#8221;]Headquarters Uje\u017adziec Ma\u0142y 80 55 &#8211; 100 Trzebnica Dolno\u015bl\u0105skie Province[\/vc_column_text][vc_column_text css_animation=&#8221;fadeInLeft&#8221; el_class=&#8221;adres-box&#8221;]Tarczy\u0144ski Arena Al. \u015al\u0105ska 1 54-118 Wroc\u0142aw Dolno\u015bl\u0105skie Province[\/vc_column_text][vc_column_text css_animation=&#8221;fadeInLeft&#8221; el_class=&#8221;adres-box&#8221;]Production plant Malowany Dworek 117 43-300 Bielsko-Bia\u0142a \u015al\u0105skie Province[\/vc_column_text][\/vc_column_inner][vc_column_inner width=&#8221;2\/3&#8243;][vc_single_image image=&#8221;930&#8243; [&hellip;]<\/p>\n","protected":false},"author":1,"featured_media":0,"parent":0,"menu_order":0,"comment_status":"closed","ping_status":"closed","template":"","meta":{"footnotes":""},"class_list":["post-494","page","type-page","status-publish","hentry"],"_links":{"self":[{"href":"https:\/\/tarczynskipraca.pl\/en\/wp-json\/wp\/v2\/pages\/494","targetHints":{"allow":["GET"]}}],"collection":[{"href":"https:\/\/tarczynskipraca.pl\/en\/wp-json\/wp\/v2\/pages"}],"about":[{"href":"https:\/\/tarczynskipraca.pl\/en\/wp-json\/wp\/v2\/types\/page"}],"author":[{"embeddable":true,"href":"https:\/\/tarczynskipraca.pl\/en\/wp-json\/wp\/v2\/users\/1"}],"replies":[{"embeddable":true,"href":"https:\/\/tarczynskipraca.pl\/en\/wp-json\/wp\/v2\/comments?post=494"}],"version-history":[{"count":0,"href":"https:\/\/tarczynskipraca.pl\/en\/wp-json\/wp\/v2\/pages\/494\/revisions"}],"wp:attachment":[{"href":"https:\/\/tarczynskipraca.pl\/en\/wp-json\/wp\/v2\/media?parent=494"}],"curies":[{"name":"wp","href":"https:\/\/api.w.org\/{rel}","templated":true}]}}